{"id":9993,"date":"2019-07-31T15:14:09","date_gmt":"2019-07-31T13:14:09","guid":{"rendered":"https:\/\/www.vidiemme.it\/technical-project-manager\/"},"modified":"2019-09-10T14:42:42","modified_gmt":"2019-09-10T12:42:42","slug":"technical-project-manager","status":"publish","type":"page","link":"https:\/\/www.vidiemme.it\/en\/technical-project-manager\/","title":{"rendered":"Technical Project Manager"},"content":{"rendered":"<div class=\"fusion-fullwidth fullwidth-box fusion-builder-row-1 nonhundred-percent-fullwidth non-hundred-percent-height-scrolling\" style=\"--awb-border-radius-top-left:0px;--awb-border-radius-top-right:0px;--awb-border-radius-bottom-right:0px;--awb-border-radius-bottom-left:0px;--awb-padding-right:0px;--awb-padding-left:0px;--awb-background-color:#f8f8f8;\" ><div class=\"fusion-builder-row fusion-row\"><div class=\"fusion-layout-column fusion_builder_column fusion-builder-column-0 fusion_builder_column_1_1 1_1 fusion-one-full fusion-column-first fusion-column-last\" style=\"--awb-bg-size:cover;\"><div class=\"fusion-column-wrapper fusion-flex-column-wrapper-legacy\">\t\t\t\t\t<div class=\"fusion-slider-container fusion-slider-sc-lavora-con-noi-en fusion-slider-6406 full-width-slider\" style=\"height:240px; max-width:100%;\" data-id=\"6406\" data-full_height=\"\">\n\t\t\t\t\t\t<style type=\"text\/css\">.fusion-slider-6406 .flex-direction-nav a {width:63px;height:63px;line-height:63px;font-size:25px;}<\/style>\t\t\t\t\t\t<div class=\"fusion-slider-loading\">Loading...<\/div>\n\t\t\t\t\t\t<div class=\"tfs-slider flexslider main-flex full-width-slider\" data-slider_width=\"100%\" data-slider_height=\"240px\" data-full_screen=\"0\" data-parallax=\"0\" data-nav_arrows=\"1\" data-nav_box_width=\"63px\" data-nav_box_height=\"63px\" data-nav_arrow_size=\"25px\" data-autoplay=\"1\" data-loop=\"0\" data-orderby=\"date\" data-order=\"DESC\" data-animation=\"fade\" data-slideshow_speed=\"7000\" data-animation_speed=\"600\" data-typo_sensitivity=\"1\" data-typo_factor=\"1,5\" style=\"max-width:100%;\">\n\t\t\t\t\t\t\t<ul class=\"slides\">\n\t\t\t\t\t\t\t\t\t\t\t\t\t\t\t\t\t<li data-mute=\"yes\" data-loop=\"yes\" data-autoplay=\"yes\">\n\t\t\t\t\t\t\t\t\t\t<div class=\"slide-content-container slide-content-center\" style=\"display: none;\">\n\t\t\t\t\t\t\t\t\t\t\t<div class=\"slide-content\" style=\"\">\n\t\t\t\t\t\t\t\t\t\t\t\t\t\t\t\t\t\t\t\t\t\t\t\t\t<div class=\"heading \">\n\t\t\t\t\t\t\t\t\t\t\t\t\t\t<div class=\"fusion-title-sc-wrapper\" style=\"\">\n\t\t\t\t\t\t\t\t\t\t\t\t\t\t\t<div class=\"fusion-title title fusion-title-1 fusion-sep-none fusion-title-center fusion-title-text fusion-title-size-one\" style=\"--awb-text-color:#007fa4;--awb-margin-bottom:0px;--awb-sep-color:#007fa4;--awb-font-size:40px;\"><h1 class=\"title-heading-center\" style=\"margin:0;font-size:1em;line-height:48px;\"><br>Work with us<\/h1><\/div>\t\t\t\t\t\t\t\t\t\t\t\t\t\t<\/div>\n\t\t\t\t\t\t\t\t\t\t\t\t\t<\/div>\n\t\t\t\t\t\t\t\t\t\t\t\t\t\t\t\t\t\t\t\t\t\t\t\t\t\t\t\t\t\t\t\t\t\t\t\t\t<div class=\"caption \">\n\t\t\t\t\t\t\t\t\t\t\t\t\t\t<div class=\"fusion-title-sc-wrapper\" style=\"\">\n\t\t\t\t\t\t\t\t\t\t\t\t\t\t\t<div class=\"fusion-title title fusion-title-2 fusion-sep-none fusion-title-center fusion-title-text fusion-title-size-three\" style=\"--awb-text-color:#8ca7b7;--awb-margin-bottom:0px;--awb-sep-color:#8ca7b7;--awb-font-size:18px;\"><h3 class=\"title-heading-center\" style=\"margin:0;font-size:1em;line-height:21.6px;\">Working in Vidiemme means entering a young and stimulating environment<\/h3><\/div>\t\t\t\t\t\t\t\t\t\t\t\t\t\t<\/div>\n\t\t\t\t\t\t\t\t\t\t\t\t\t<\/div>\n\t\t\t\t\t\t\t\t\t\t\t\t\t\t\t\t\t\t\t\t\t\t\t\t\t\t\t\t\t\t\t\t\t\t\t<\/div>\n\t\t\t\t\t\t\t\t\t\t<\/div>\n\t\t\t\t\t\t\t\t\t\t\t\t\t\t\t\t\t\t\t\t\t\t\t\t\t\t\t\t\t\t\t\t\t\t\t\t\t\t\t\t<div class=\"background background-image\" style=\"background-image: url(https:\/\/www.vidiemme.it\/wp-content\/uploads\/2019\/07\/Header-blog.png);max-width:100%;height:240px;filter: progid:DXImageTransform.Microsoft.AlphaImageLoader(src='https:\/\/www.vidiemme.it\/wp-content\/uploads\/2019\/07\/Header-blog.png', sizingMethod='scale');\" data-imgwidth=\"1440\">\n\t\t\t\t\t\t\t\t\t\t\t\t\t\t\t\t\t\t\t\t\t\t\t\t\t\t\t\t\t\t\t\t\t\t\t\t\t\t\t\t\t\t\t\t\t\t\t\t\t\t\t\t\t\t\t\t\t\t\t\t\t\t\t\t\t\t<\/div>\n\t\t\t\t\t\t\t\t\t<\/li>\n\t\t\t\t\t\t\t\t\t\t\t\t\t\t\t\t\t\t\t\t\t\t\t<\/ul>\n\t\t\t\t\t\t<\/div>\n\t\t\t\t\t<\/div>\n\t\t\t\t\t\t\t\t<div class=\"fusion-clearfix\"><\/div><\/div><\/div><\/div><\/div><div class=\"fusion-fullwidth fullwidth-box fusion-builder-row-2 nonhundred-percent-fullwidth non-hundred-percent-height-scrolling\" style=\"--awb-border-radius-top-left:0px;--awb-border-radius-top-right:0px;--awb-border-radius-bottom-right:0px;--awb-border-radius-bottom-left:0px;--awb-padding-top:32px;--awb-padding-right:32px;--awb-padding-bottom:32px;--awb-padding-left:32px;\" ><div class=\"fusion-builder-row fusion-row\"><div class=\"fusion-layout-column fusion_builder_column fusion-builder-column-1 fusion_builder_column_2_3 2_3 fusion-two-third fusion-column-first\" style=\"--awb-padding-right:32px;--awb-bg-size:cover;width:66.666666666667%;width:calc(66.666666666667% - ( ( 48px ) * 0.66666666666667 ) );margin-right: 48px;\"><div class=\"fusion-column-wrapper fusion-flex-column-wrapper-legacy\"><div class=\"fusion-text fusion-text-1\"><h2>Technical Project Manager<\/h2>\n<\/div><div class=\"fusion-sep-clear\"><\/div><div class=\"fusion-separator fusion-full-width-sep\" style=\"margin-left: auto;margin-right: auto;margin-top:8px;margin-bottom:8px;width:100%;\"><\/div><div class=\"fusion-sep-clear\"><\/div><div class=\"fusion-text fusion-text-2\"><p>Siamo alla ricerca di un Technical Project Manager con esperienza in grado di gestire progetti, capace di interfacciarsi con clienti nazionali e internazionali e di coordinare le risorse interne per chiudere i progetti nei tempi stabiliti.<\/p>\n<p>&nbsp;<\/p>\n<p><strong>Soft skill:<\/strong><\/p>\n<ul>\n<li>Si occupa di tenere i contatti con i clienti assegnati, individua soluzioni in base alle necessit\u00e0, supporta il commerciale nella fase di offerta;<\/li>\n<li>\u00c8 responsabile dell\u2019intero ciclo di vita di un progetto nel rispetto dei vincoli di tempo, costi e obiettivi pianificati;<\/li>\n<li>Rappresenta, in tutte le fasi progettuali, la figura di contatto principale con il cliente, assicura che gli obiettivi di progetto siano definiti con esattezza, crea e gestisce il piano di progetto, dando direzione e motivazione ai membri del team di delivery;<\/li>\n<li>Coordina sia risorse interne che esterne dedicate al progetto per assicurare il raggiungimento degli obbiettivi concordati;<\/li>\n<li>Ha forti doti di team management e leadership, ha capacit\u00e0 di delega, spiccata capacit\u00e0 di analisi e sensibilit\u00e0 sui costi, predisposizione alla progettazione e all&#8217;implementazione di progetti, capacit\u00e0 di lavorare sotto stress, gestendo pi\u00f9 task simultaneamente.<\/li>\n<\/ul>\n<p>&nbsp;<\/p>\n<p><strong>Altre caratteristiche che costituiranno un titolo preferenziale:<\/strong><\/p>\n<ul>\n<li>Ha avuto un percorso professionale che lo ha portato a ricoprire il ruolo di project manager dopo aver iniziato come sviluppatore software;<\/li>\n<li>Ha maturato anche esperienza di agenzia;<\/li>\n<li>Ha avuto esperienze sia in ambito web sia in ambito mobile;<\/li>\n<li>Buona conoscenza della lingua inglese;<\/li>\n<li>Conoscenza dei principali tool di project management.<\/li>\n<\/ul>\n<\/div><div class=\"fusion-clearfix\"><\/div><\/div><\/div><div class=\"fusion-layout-column fusion_builder_column fusion-builder-column-2 fusion_builder_column_1_3 1_3 fusion-one-third fusion-column-last\" style=\"--awb-padding-top:32px;--awb-padding-right:32px;--awb-padding-bottom:32px;--awb-padding-left:32px;--awb-bg-color:#f8f8f8;--awb-bg-size:cover;width:33.333333333333%;width:calc(33.333333333333% - ( ( 48px ) * 0.33333333333333 ) );\"><div class=\"fusion-column-wrapper fusion-flex-column-wrapper-legacy\"><div class=\"fusion-text fusion-text-3\"><p><strong>Invia la tua candidatura<\/strong><\/p>\n<\/div>\n<div class=\"wpcf7 no-js\" id=\"wpcf7-f2837-o1\" lang=\"it-IT\" dir=\"ltr\">\n<div class=\"screen-reader-response\"><p role=\"status\" aria-live=\"polite\" aria-atomic=\"true\"><\/p> <ul><\/ul><\/div>\n<form action=\"\/en\/wp-json\/wp\/v2\/pages\/9993#wpcf7-f2837-o1\" method=\"post\" class=\"wpcf7-form init wpcf7-acceptance-as-validation\" aria-label=\"Modulo di contatto\" enctype=\"multipart\/form-data\" novalidate=\"novalidate\" data-status=\"init\">\n<div style=\"display: none;\">\n<input type=\"hidden\" name=\"_wpcf7\" value=\"2837\" \/>\n<input type=\"hidden\" name=\"_wpcf7_version\" value=\"5.9.8\" \/>\n<input type=\"hidden\" name=\"_wpcf7_locale\" value=\"it_IT\" \/>\n<input type=\"hidden\" name=\"_wpcf7_unit_tag\" value=\"wpcf7-f2837-o1\" \/>\n<input type=\"hidden\" name=\"_wpcf7_container_post\" value=\"0\" \/>\n<input type=\"hidden\" name=\"_wpcf7_posted_data_hash\" value=\"\" \/>\n<input type=\"hidden\" name=\"_wpcf7cf_hidden_group_fields\" value=\"[]\" \/>\n<input type=\"hidden\" name=\"_wpcf7cf_hidden_groups\" value=\"[]\" \/>\n<input type=\"hidden\" name=\"_wpcf7cf_visible_groups\" value=\"[]\" \/>\n<input type=\"hidden\" name=\"_wpcf7cf_repeaters\" value=\"[]\" \/>\n<input type=\"hidden\" name=\"_wpcf7cf_steps\" value=\"{}\" \/>\n<input type=\"hidden\" name=\"_wpcf7cf_options\" value=\"{&quot;form_id&quot;:2837,&quot;conditions&quot;:[{&quot;then_field&quot;:&quot;acceptance-gdpr&quot;,&quot;and_rules&quot;:[{&quot;if_field&quot;:&quot;acceptance-13&quot;,&quot;operator&quot;:&quot;equals&quot;,&quot;if_value&quot;:&quot;1&quot;}]}],&quot;settings&quot;:{&quot;animation&quot;:&quot;yes&quot;,&quot;animation_intime&quot;:200,&quot;animation_outtime&quot;:200,&quot;conditions_ui&quot;:&quot;normal&quot;,&quot;notice_dismissed&quot;:false,&quot;notice_dismissed_update-cf7-5.6&quot;:true,&quot;notice_dismissed_update-cf7-5.7&quot;:true,&quot;notice_dismissed_rollback-cf7-5.8.6&quot;:true}}\" \/>\n<input type=\"hidden\" name=\"_wpcf7_recaptcha_response\" value=\"\" \/>\n<\/div>\n<p><label> Name & Surname (required)<br \/>\n<span class=\"wpcf7-form-control-wrap\" data-name=\"your-name\"><input size=\"40\" maxlength=\"400\" class=\"wpcf7-form-control wpcf7-text wpcf7-validates-as-required\" aria-required=\"true\" aria-invalid=\"false\" value=\"\" type=\"text\" name=\"your-name\" \/><\/span> <\/label>\n<\/p>\n<p><label> E-mail (required)<br \/>\n<span class=\"wpcf7-form-control-wrap\" data-name=\"your-email\"><input size=\"40\" maxlength=\"400\" class=\"wpcf7-form-control wpcf7-email wpcf7-validates-as-required wpcf7-text wpcf7-validates-as-email\" aria-required=\"true\" aria-invalid=\"false\" value=\"\" type=\"email\" name=\"your-email\" \/><\/span> <\/label>\n<\/p>\n<p><label> Position (required)<br \/>\n<span class=\"wpcf7-form-control-wrap\" data-name=\"position\"><input size=\"40\" maxlength=\"400\" class=\"wpcf7-form-control wpcf7-text wpcf7-validates-as-required\" aria-required=\"true\" aria-invalid=\"false\" value=\"\" type=\"text\" name=\"position\" \/><\/span> <\/label>\n<\/p>\n<p><label> Message<br \/>\n<span class=\"wpcf7-form-control-wrap\" data-name=\"your-message\"><textarea cols=\"40\" rows=\"10\" maxlength=\"2000\" class=\"wpcf7-form-control wpcf7-textarea\" aria-invalid=\"false\" name=\"your-message\"><\/textarea><\/span> <\/label>\n<\/p>\n<p><label> Upload your CV (word or pdf)<br \/>\n<span class=\"wpcf7-form-control-wrap\" data-name=\"AllegaCV\"><input size=\"40\" class=\"wpcf7-form-control wpcf7-file wpcf7-validates-as-required\" accept=\".doc,.docx,.pdf\" aria-required=\"true\" aria-invalid=\"false\" type=\"file\" name=\"AllegaCV\" \/><\/span> <\/label>\n<\/p>\n<div class=\"margin-bottom-20\">\n\n<\/div>\n<div class=\"margin-bottom-20\">\n\t<p><span class=\"wpcf7-form-control-wrap\" data-name=\"acceptance-13\"><span class=\"wpcf7-form-control wpcf7-acceptance\"><span class=\"wpcf7-list-item\"><input type=\"checkbox\" name=\"acceptance-13\" value=\"1\" id=\"contact-accept-privacy\" aria-invalid=\"false\" \/><\/span><\/span><\/span><label for=\"contact-accept-privacy\">By submitting this form you confirm that you have read and accepted our <a href=\"https:\/\/www.vidiemme.it\/en\/privacy-policy\/\">Privacy Policy<\/a><\/label>\n\t<\/p>\n<\/div>\n<div data-id=\"acceptance-gdpr\" data-orig_data_id=\"acceptance-gdpr\"  data-class=\"wpcf7cf_group\">\n\t<div class='row'>\n\t\t<div class='col-xs-10 col-xs-offset-1 gdpr-candidati'>\n\t\t\t<p>In compliance with the requirements under the new personal data protection law.\r\n\t\t\t\tThe data processing is based on principles of fairness, legality and transparency, thereby safeguarding users privacy and rights.\r\n\t\t\t\t<br><br>\r\n\t\t\t\tAll data given to Vidiemme Consulting during contractual relationships aimed at offer presentations, or in the form of contractual relationships, are subject of data processing, for the following purposes: a) fulfilments connected to: civil, tax and accounting laws; the administrative management of the relationship; contractual obligations observance; to provide support and information about the purchased services; b)information on future initiatives and announcements of new services by both the company and our consultants. The data referred to in paragraph a) are processed by our employees, our collaborators and our external consultants committed in the execution of their mandate. We highlight that the consent to the processing of data for the purposes set out in paragraph a) is mandatory and essential for the execution of our mandate. Vice versa, it is optional for the purposes referred to in point b): In case of refusal of consent to the latter point, we won\u2019t able to provide information on our services developments.\r\n\t\t\t\t<br><br>\r\n\t\t\t\tThe company ensures that the data processing, both automated or not, will be carried on guaranteeing security and confidentiality. It may include \u2013 within the limits and conditions imposed by Legislative Decree n. 196\/2003 \u2013 one or more of the following operations: collection, recording, organization, storage, processing, modification, extraction, comparison, use, interconnection, blocking, communication, cancellation, destruction. The owner of the data is Vidiemme Consulting, based in Milan, Via Natale Battaglia n. 8, telephone number +39 02.2685.8230, who will use them for the purposes mentioned above. Towards the data owner is always possible to exercise the rights under the art. 7 of Legislative Decree no. 196\/2003:\r\n\t\t\t\t<br><br>\r\n\t\t\t\tThe user has the right to obtain confirmation of the existence of personal data concerning him\/herself, even if not yet registered, and its communication in a comprehensible form.\r\n\t\t\t\t<br><br>\r\n\t\t\t\tThe user has the right to be informed about: a) the origin of the collected personal data; b) the purposes and methods of treatment; c) the logic applied in case of treatment with electronic instruments; d) the identity of the owner, manager and the representative appointed under article 5, paragraph 2; e) subjects or categories of people to whom the data may be communicated or who can learn about them as appointed State representative.\r\n\t\t\t\t<br><br>\r\n\t\t\t\tThe individual has right to obtain a) updating, rectification or, when necessary, integration of data; b) the cancellation, anonymization or blocking of data in violation of the law c) confirmation that the operations referred to in points a) and b) have been notified, also in regards of their content, to those to whom the data were communicated or disclosed, except if this requirement is clearly impossible or disproportionate to the protection right.\r\n\t\t\t\t<br><br>\r\n\t\t\t\tThe user has the right to object, in whole or in part: a) to the processing of his\/her personal data, even if for collection purposes, for legitimate reasons; b) to the processing of personal data for advertising, direct sales, market research or commercial communication purposes.\u201d\r\n\t\t\t\t<br><br>\r\n\t\t\t\t<span class='wpcf7-form-control-wrap acceptance-gdpr'>\r\n\t\t\t\t<span class='wpcf7-form-control wpcf7-acceptance'>\r\n\t\t\t\t\t <span class='wpcf7-list-item'>\r\n\t\t\t\t\t    <input type='checkbox' name='acceptance-gdpr' value='1' aria-invalid='false' id='contact-accept-privacy'>\r\n\t\t\t\t\t <\/span>\r\n\t\t\t\t<\/span>\r\n\t\t\t\t<\/span>\r\n\t\t\t\t<label for='contact-accept-gdpr'>By using this Site, you signify your acceptance of this policy, unless expressly expression of dissent to be sent in writing<\/a><\/label>\n\t\t\t<\/p>\n\t\t<\/div>\n\t<\/div>\n<\/div>\n<div class=\"fusion-alert alert custom alert-custom fusion-alert-center wpcf7-response-output fusion-alert-capitalize alert-dismissable\" style=\"--awb-border-size:1px;\" role=\"alert\"><div class=\"fusion-alert-content-wrapper\"><span class=\"fusion-alert-content\"><\/span><\/div><button type=\"button\" class=\"close toggle-alert\" data-dismiss=\"alert\" aria-label=\"Close\">&times;<\/button><\/div>\n<p><input class=\"wpcf7-form-control wpcf7-submit has-spinner GTM-send-cv\" type=\"submit\" value=\"Send\" \/>\n<\/p>\n<\/form>\n<\/div>\n<div class=\"fusion-clearfix\"><\/div><\/div><\/div><\/div><\/div>\n","protected":false},"excerpt":{"rendered":"","protected":false},"author":1,"featured_media":0,"parent":0,"menu_order":0,"comment_status":"closed","ping_status":"closed","template":"","meta":{"footnotes":""},"class_list":["post-9993","page","type-page","status-publish","hentry"],"yoast_head":"<!-- This site is optimized with the Yoast SEO plugin v23.5 - https:\/\/yoast.com\/wordpress\/plugins\/seo\/ -->\n<title>Technical Project Manager | Candidati ed entra a far parte di Vidiemme<\/title>\n<meta name=\"description\" content=\"Vidiemme \u00e8 alla ricerca di una figura per il ruolo di Technical Project Manager con esperienza nella gestione di progetti e nel coordinamento delle risorse interne nei tempi stabiliti. Scopri di pi\u00f9 sulla posizione e candidati per iniziare la tua avventura in Vidiemme!\" \/>\n<meta name=\"robots\" content=\"index, follow, max-snippet:-1, max-image-preview:large, max-video-preview:-1\" \/>\n<link rel=\"canonical\" href=\"https:\/\/www.vidiemme.it\/en\/technical-project-manager\/\" \/>\n<meta property=\"og:locale\" content=\"en_US\" \/>\n<meta property=\"og:type\" content=\"article\" \/>\n<meta property=\"og:title\" content=\"Technical Project Manager | Candidati ed entra a far parte di Vidiemme\" \/>\n<meta property=\"og:description\" content=\"Vidiemme \u00e8 alla ricerca di una figura per il ruolo di Technical Project Manager con esperienza nella gestione di progetti e nel coordinamento delle risorse interne nei tempi stabiliti. Scopri di pi\u00f9 sulla posizione e candidati per iniziare la tua avventura in Vidiemme!\" \/>\n<meta property=\"og:url\" content=\"https:\/\/www.vidiemme.it\/en\/technical-project-manager\/\" \/>\n<meta property=\"og:site_name\" content=\"Vidiemme Consulting Srl\" \/>\n<meta property=\"article:publisher\" content=\"https:\/\/www.facebook.com\/VidiemmeConsultingsrl\/\" \/>\n<meta property=\"article:modified_time\" content=\"2019-09-10T12:42:42+00:00\" \/>\n<meta property=\"og:image\" content=\"https:\/\/www.vidiemme.it\/wp-content\/uploads\/2019\/10\/vidiemme-maps.png\" \/>\n<meta name=\"twitter:card\" content=\"summary_large_image\" \/>\n<meta name=\"twitter:label1\" content=\"Est. reading time\" \/>\n\t<meta name=\"twitter:data1\" content=\"4 minutes\" \/>\n<script type=\"application\/ld+json\" class=\"yoast-schema-graph\">{\"@context\":\"https:\/\/schema.org\",\"@graph\":[{\"@type\":\"WebPage\",\"@id\":\"https:\/\/www.vidiemme.it\/en\/technical-project-manager\/\",\"url\":\"https:\/\/www.vidiemme.it\/en\/technical-project-manager\/\",\"name\":\"Technical Project Manager | Candidati ed entra a far parte di Vidiemme\",\"isPartOf\":{\"@id\":\"https:\/\/www.vidiemme.it\/#website\"},\"datePublished\":\"2019-07-31T13:14:09+00:00\",\"dateModified\":\"2019-09-10T12:42:42+00:00\",\"description\":\"Vidiemme \u00e8 alla ricerca di una figura per il ruolo di Technical Project Manager con esperienza nella gestione di progetti e nel coordinamento delle risorse interne nei tempi stabiliti. Scopri di pi\u00f9 sulla posizione e candidati per iniziare la tua avventura in Vidiemme!\",\"breadcrumb\":{\"@id\":\"https:\/\/www.vidiemme.it\/en\/technical-project-manager\/#breadcrumb\"},\"inLanguage\":\"en-US\",\"potentialAction\":[{\"@type\":\"ReadAction\",\"target\":[\"https:\/\/www.vidiemme.it\/en\/technical-project-manager\/\"]}]},{\"@type\":\"BreadcrumbList\",\"@id\":\"https:\/\/www.vidiemme.it\/en\/technical-project-manager\/#breadcrumb\",\"itemListElement\":[{\"@type\":\"ListItem\",\"position\":1,\"name\":\"Home\",\"item\":\"https:\/\/www.vidiemme.it\/en\/\"},{\"@type\":\"ListItem\",\"position\":2,\"name\":\"Technical Project Manager\"}]},{\"@type\":\"WebSite\",\"@id\":\"https:\/\/www.vidiemme.it\/#website\",\"url\":\"https:\/\/www.vidiemme.it\/\",\"name\":\"Vidiemme Consulting Srl\",\"description\":\"\",\"potentialAction\":[{\"@type\":\"SearchAction\",\"target\":{\"@type\":\"EntryPoint\",\"urlTemplate\":\"https:\/\/www.vidiemme.it\/?s={search_term_string}\"},\"query-input\":{\"@type\":\"PropertyValueSpecification\",\"valueRequired\":true,\"valueName\":\"search_term_string\"}}],\"inLanguage\":\"en-US\"}]}<\/script>\n<!-- \/ Yoast SEO plugin. -->","yoast_head_json":{"title":"Technical Project Manager | Candidati ed entra a far parte di Vidiemme","description":"Vidiemme \u00e8 alla ricerca di una figura per il ruolo di Technical Project Manager con esperienza nella gestione di progetti e nel coordinamento delle risorse interne nei tempi stabiliti. Scopri di pi\u00f9 sulla posizione e candidati per iniziare la tua avventura in Vidiemme!","robots":{"index":"index","follow":"follow","max-snippet":"max-snippet:-1","max-image-preview":"max-image-preview:large","max-video-preview":"max-video-preview:-1"},"canonical":"https:\/\/www.vidiemme.it\/en\/technical-project-manager\/","og_locale":"en_US","og_type":"article","og_title":"Technical Project Manager | Candidati ed entra a far parte di Vidiemme","og_description":"Vidiemme \u00e8 alla ricerca di una figura per il ruolo di Technical Project Manager con esperienza nella gestione di progetti e nel coordinamento delle risorse interne nei tempi stabiliti. Scopri di pi\u00f9 sulla posizione e candidati per iniziare la tua avventura in Vidiemme!","og_url":"https:\/\/www.vidiemme.it\/en\/technical-project-manager\/","og_site_name":"Vidiemme Consulting Srl","article_publisher":"https:\/\/www.facebook.com\/VidiemmeConsultingsrl\/","article_modified_time":"2019-09-10T12:42:42+00:00","og_image":[{"url":"https:\/\/www.vidiemme.it\/wp-content\/uploads\/2019\/10\/vidiemme-maps.png"}],"twitter_card":"summary_large_image","twitter_misc":{"Est. reading time":"4 minutes"},"schema":{"@context":"https:\/\/schema.org","@graph":[{"@type":"WebPage","@id":"https:\/\/www.vidiemme.it\/en\/technical-project-manager\/","url":"https:\/\/www.vidiemme.it\/en\/technical-project-manager\/","name":"Technical Project Manager | Candidati ed entra a far parte di Vidiemme","isPartOf":{"@id":"https:\/\/www.vidiemme.it\/#website"},"datePublished":"2019-07-31T13:14:09+00:00","dateModified":"2019-09-10T12:42:42+00:00","description":"Vidiemme \u00e8 alla ricerca di una figura per il ruolo di Technical Project Manager con esperienza nella gestione di progetti e nel coordinamento delle risorse interne nei tempi stabiliti. Scopri di pi\u00f9 sulla posizione e candidati per iniziare la tua avventura in Vidiemme!","breadcrumb":{"@id":"https:\/\/www.vidiemme.it\/en\/technical-project-manager\/#breadcrumb"},"inLanguage":"en-US","potentialAction":[{"@type":"ReadAction","target":["https:\/\/www.vidiemme.it\/en\/technical-project-manager\/"]}]},{"@type":"BreadcrumbList","@id":"https:\/\/www.vidiemme.it\/en\/technical-project-manager\/#breadcrumb","itemListElement":[{"@type":"ListItem","position":1,"name":"Home","item":"https:\/\/www.vidiemme.it\/en\/"},{"@type":"ListItem","position":2,"name":"Technical Project Manager"}]},{"@type":"WebSite","@id":"https:\/\/www.vidiemme.it\/#website","url":"https:\/\/www.vidiemme.it\/","name":"Vidiemme Consulting Srl","description":"","potentialAction":[{"@type":"SearchAction","target":{"@type":"EntryPoint","urlTemplate":"https:\/\/www.vidiemme.it\/?s={search_term_string}"},"query-input":{"@type":"PropertyValueSpecification","valueRequired":true,"valueName":"search_term_string"}}],"inLanguage":"en-US"}]}},"_links":{"self":[{"href":"https:\/\/www.vidiemme.it\/en\/wp-json\/wp\/v2\/pages\/9993"}],"collection":[{"href":"https:\/\/www.vidiemme.it\/en\/wp-json\/wp\/v2\/pages"}],"about":[{"href":"https:\/\/www.vidiemme.it\/en\/wp-json\/wp\/v2\/types\/page"}],"author":[{"embeddable":true,"href":"https:\/\/www.vidiemme.it\/en\/wp-json\/wp\/v2\/users\/1"}],"replies":[{"embeddable":true,"href":"https:\/\/www.vidiemme.it\/en\/wp-json\/wp\/v2\/comments?post=9993"}],"version-history":[{"count":0,"href":"https:\/\/www.vidiemme.it\/en\/wp-json\/wp\/v2\/pages\/9993\/revisions"}],"wp:attachment":[{"href":"https:\/\/www.vidiemme.it\/en\/wp-json\/wp\/v2\/media?parent=9993"}],"curies":[{"name":"wp","href":"https:\/\/api.w.org\/{rel}","templated":true}]}}